{"id":1074,"date":"2026-04-04T03:11:14","date_gmt":"2026-04-04T01:11:14","guid":{"rendered":"https:\/\/gabrielwolkenfeld.de\/?page_id=1074"},"modified":"2026-04-04T03:19:49","modified_gmt":"2026-04-04T01:19:49","slug":"datenschutzerklaerung-2","status":"publish","type":"page","link":"https:\/\/gabrielwolkenfeld.de\/?page_id=1074","title":{"rendered":"Impressum"},"content":{"rendered":"\n<h2 class=\"wp-block-heading has-small-font-size\">Betreiber und verantwortlich f\u00fcr diese Internetpr\u00e4senz ist: Gabriel Wolkenfeld<\/h2>\n\n\n\n<p class=\"has-small-font-size\">Gabriel Wolkenfeld<br>Prinz-Eugen-Str. 9<br>13347 Berlin<\/p>\n\n\n\n<p class=\"has-small-font-size\">Kontakt: gabriel.wolkenfeld[at]gmx.de<\/p>\n\n\n\n<p class=\"has-small-font-size\"><strong>Haftung f\u00fcr Inhalte<\/strong><\/p>\n\n\n\n<p class=\"has-small-font-size\">Obwohl wir uns um Aktualit\u00e4t, Vollst\u00e4ndigkeit und Richtigkeit der Inhalte unserer Seiten bem\u00fchen, k\u00f6nnen wir hierf\u00fcr keine Garantie \u00fcbernehmen.<\/p>\n\n\n\n<p class=\"has-small-font-size\">Nach \u00a7 7 Absatz 1 TMG sind wir als Diensteanbieter f\u00fcr eigene Inhalte auf unseren Seiten nach den allgemeinen Gesetzen verantwortlich.<\/p>\n\n\n\n<p class=\"has-small-font-size\">Eine Verpflichtung zur \u00dcberwachung \u00fcbermittelter oder gespeicherter fremder Informationen besteht jedoch nicht (\u00a7\u00a7 8\u201310 TMG). Sobald uns Rechtsverst\u00f6\u00dfe bekannt werden, werden wir die entsprechenden Inhalte umgehend entfernen. Eine dahingehende Haftung wird jedoch erst ab dem Zeitpunkt der Kenntnis konkreter Rechtsverletzungen \u00fcbernommen.<\/p>\n\n\n\n<p class=\"has-small-font-size\"><strong>Haftung f\u00fcr&nbsp;Links<\/strong><\/p>\n\n\n\n<p class=\"has-small-font-size\">Unsere Seiten enthalten Links auf externe Webseiten Dritter. Auf die Inhalte dieser direkt oder indirekt verlinkten Webseiten haben wir keinen Einfluss. F\u00fcr die Richtigkeit der Inhalte ist immer der jeweilige Anbieter oder Betreiber verantwortlich, weshalb wir diesbez\u00fcglich keinerlei Gew\u00e4hr \u00fcbernehmen.<\/p>\n\n\n\n<p class=\"has-small-font-size\">Die fremden Webseiten haben wir zum Zeitpunkt der Verlinkung auf m\u00f6gliche Rechtsverst\u00f6\u00dfe \u00fcberpr\u00fcft. Zum Zeitpunkt der Verlinkung waren keinerlei Rechtsverletzungen erkennbar. Eine st\u00e4ndige \u00dcberpr\u00fcfung s\u00e4mtlicher Inhalte der von uns verlinkten Seiten ohne tats\u00e4chliche Anhaltspunkte f\u00fcr einen Rechtsversto\u00df k\u00f6nnen wir nicht leisten. Falls uns Rechtsverletzungen bekannt werden, werden wir die entsprechenden Links sofort entfernen.<\/p>\n\n\n\n<p class=\"has-small-font-size\"><strong>Urheberrecht<\/strong><\/p>\n\n\n\n<p class=\"has-small-font-size\">Die durch den Betreiber dieser Seite erstellten Inhalte und Werke auf diesen Webseiten unterliegen dem deutschen Urheberrecht. S\u00e4mtliche Beitr\u00e4ge Dritter sind als solche gekennzeichnet. Die Vervielf\u00e4ltigung, Bearbeitung, Verbreitung und jede Art der Verwertung au\u00dferhalb der Grenzen des Urheberrechts bed\u00fcrfen der schriftlichen Zustimmung des jeweiligen Autors bzw. Erstellers. Kopien von diesen Seiten sind nur f\u00fcr den privaten Bereich gestattet, nicht jedoch f\u00fcr kommerzielle Zwecke.<\/p>\n\n\n\n<p class=\"has-small-font-size\"><strong>Datenschutz<\/strong><\/p>\n\n\n\n<p class=\"has-small-font-size\">F\u00fcr die Sicherheit der Daten\u00fcbertragung im Internet k\u00f6nnen wir keine Gew\u00e4hr \u00fcbernehmen, insbesondere besteht bei der \u00dcbertragung von Daten per E\u2011Mail die Gefahr des Zugriffs durch Dritte.<\/p>\n\n\n\n<p class=\"has-small-font-size\">Im Falle der Erhebung personenbezogener oder gesch\u00e4ftlicher Daten (E\u2011Mail-Adressen, Namen, Anschriften) auf unseren Seiten erfolgt die Preisgabe dieser Daten seitens des Nutzers stets auf freiwilliger Basis. Die Inanspruchnahme und Bezahlung aller angebotenen Dienste ist auch ohne Angabe solcher Daten bzw. unter Angabe anonymisierter Daten oder eines Pseudonyms gestattet, soweit dies technisch m\u00f6glich und zumutbar&nbsp;ist.<\/p>\n\n\n\n<p class=\"has-small-font-size\">Einer Nutzung der im Impressum ver\u00f6ffentlichten Kontaktdaten durch Dritte zu Werbezwecken wird hiermit ausdr\u00fccklich widersprochen. Der Betreiber beh\u00e4lt sich f\u00fcr den Fall unverlangt zugesandter Werbe- oder Informationsmaterialien ausdr\u00fccklich rechtliche Schritte vor.<\/p>\n\n\n\n<p class=\"has-small-font-size\"><strong>Rechtswirksamkeit dieses Haftungsausschlusses<\/strong><\/p>\n\n\n\n<p class=\"has-small-font-size\">Vorstehender Haftungsausschluss ist Teil des Internetangebots, von dem aus auf diese Seite verwiesen wurde. Sollten einzelne Regelungen oder Formulierungen dieses Haftungsausschlusses unwirksam sein oder werden, bleiben die \u00fcbrigen Regelungen in ihrem Inhalt und ihrer G\u00fcltigkeit hiervon unber\u00fchrt.<\/p>\n","protected":false},"excerpt":{"rendered":"<p>Betreiber und verantwortlich f\u00fcr diese Internetpr\u00e4senz ist: Gabriel Wolkenfeld Gabriel WolkenfeldPrinz-Eugen-Str. 913347 Berlin Kontakt: gabriel.wolkenfeld[at]gmx.de Haftung f\u00fcr Inhalte Obwohl wir uns um Aktualit\u00e4t, Vollst\u00e4ndigkeit und Richtigkeit der Inhalte unserer Seiten bem\u00fchen, k\u00f6nnen wir hierf\u00fcr keine Garantie \u00fcbernehmen. Nach \u00a7 7 Absatz 1 TMG sind wir als Diensteanbieter f\u00fcr eigene Inhalte auf unseren Seiten nach den allgemeinen Gesetzen verantwortlich. Eine Verpflichtung zur \u00dcberwachung \u00fcbermittelter oder gespeicherter fremder Informationen besteht jedoch nicht (\u00a7\u00a7 8\u201310 TMG). Sobald uns Rechtsverst\u00f6\u00dfe bekannt werden, werden wir die entsprechenden Inhalte umgehend entfernen. Eine dahingehende Haftung wird jedoch erst ab dem Zeitpunkt der Kenntnis konkreter Rechtsverletzungen \u00fcbernommen. Haftung f\u00fcr&nbsp;Links Unsere Seiten enthalten Links auf externe Webseiten Dritter. Auf die Inhalte dieser direkt oder indirekt verlinkten Webseiten haben wir keinen Einfluss. F\u00fcr die Richtigkeit der Inhalte ist immer der jeweilige Anbieter oder Betreiber verantwortlich, weshalb wir diesbez\u00fcglich keinerlei Gew\u00e4hr \u00fcbernehmen. Die fremden Webseiten haben wir zum Zeitpunkt der Verlinkung auf m\u00f6gliche Rechtsverst\u00f6\u00dfe \u00fcberpr\u00fcft. Zum Zeitpunkt der Verlinkung waren keinerlei Rechtsverletzungen erkennbar. Eine st\u00e4ndige \u00dcberpr\u00fcfung s\u00e4mtlicher Inhalte der von uns verlinkten Seiten ohne tats\u00e4chliche Anhaltspunkte f\u00fcr einen Rechtsversto\u00df k\u00f6nnen wir nicht leisten. Falls uns Rechtsverletzungen bekannt werden, werden wir die entsprechenden Links sofort entfernen. Urheberrecht Die durch den Betreiber dieser Seite erstellten Inhalte und Werke auf diesen Webseiten unterliegen dem deutschen Urheberrecht. S\u00e4mtliche Beitr\u00e4ge Dritter sind als solche gekennzeichnet. Die Vervielf\u00e4ltigung, Bearbeitung, Verbreitung und jede Art der Verwertung au\u00dferhalb der Grenzen des Urheberrechts bed\u00fcrfen der schriftlichen Zustimmung des jeweiligen Autors bzw. Erstellers. Kopien von diesen Seiten sind nur f\u00fcr den privaten Bereich gestattet, nicht jedoch f\u00fcr kommerzielle Zwecke. Datenschutz F\u00fcr die Sicherheit der Daten\u00fcbertragung im Internet k\u00f6nnen wir keine Gew\u00e4hr \u00fcbernehmen, insbesondere besteht bei der \u00dcbertragung von Daten per E\u2011Mail die Gefahr des Zugriffs durch Dritte. Im Falle der Erhebung personenbezogener oder gesch\u00e4ftlicher Daten (E\u2011Mail-Adressen, Namen, Anschriften) auf unseren Seiten erfolgt die Preisgabe dieser Daten seitens des Nutzers stets auf freiwilliger Basis. Die Inanspruchnahme und Bezahlung aller angebotenen Dienste ist auch ohne Angabe solcher Daten bzw. unter Angabe anonymisierter Daten oder eines Pseudonyms gestattet, soweit dies technisch m\u00f6glich und zumutbar&nbsp;ist. Einer Nutzung der im Impressum ver\u00f6ffentlichten Kontaktdaten durch Dritte zu Werbezwecken wird hiermit ausdr\u00fccklich widersprochen. Der Betreiber beh\u00e4lt sich f\u00fcr den Fall unverlangt zugesandter Werbe- oder Informationsmaterialien ausdr\u00fccklich rechtliche Schritte vor. Rechtswirksamkeit dieses Haftungsausschlusses Vorstehender Haftungsausschluss ist Teil des Internetangebots, von dem aus auf diese Seite verwiesen wurde. Sollten einzelne Regelungen oder Formulierungen dieses Haftungsausschlusses unwirksam sein oder werden, bleiben die \u00fcbrigen Regelungen in ihrem Inhalt und ihrer G\u00fcltigkeit hiervon unber\u00fchrt.<\/p>\n","protected":false},"author":1,"featured_media":0,"parent":0,"menu_order":0,"comment_status":"closed","ping_status":"closed","template":"","meta":{"footnotes":""},"class_list":["post-1074","page","type-page","status-publish","hentry"],"_links":{"self":[{"href":"https:\/\/gabrielwolkenfeld.de\/index.php?rest_route=\/wp\/v2\/pages\/1074","targetHints":{"allow":["GET"]}}],"collection":[{"href":"https:\/\/gabrielwolkenfeld.de\/index.php?rest_route=\/wp\/v2\/pages"}],"about":[{"href":"https:\/\/gabrielwolkenfeld.de\/index.php?rest_route=\/wp\/v2\/types\/page"}],"author":[{"embeddable":true,"href":"https:\/\/gabrielwolkenfeld.de\/index.php?rest_route=\/wp\/v2\/users\/1"}],"replies":[{"embeddable":true,"href":"https:\/\/gabrielwolkenfeld.de\/index.php?rest_route=%2Fwp%2Fv2%2Fcomments&post=1074"}],"version-history":[{"count":2,"href":"https:\/\/gabrielwolkenfeld.de\/index.php?rest_route=\/wp\/v2\/pages\/1074\/revisions"}],"predecessor-version":[{"id":1079,"href":"https:\/\/gabrielwolkenfeld.de\/index.php?rest_route=\/wp\/v2\/pages\/1074\/revisions\/1079"}],"wp:attachment":[{"href":"https:\/\/gabrielwolkenfeld.de\/index.php?rest_route=%2Fwp%2Fv2%2Fmedia&parent=1074"}],"curies":[{"name":"wp","href":"https:\/\/api.w.org\/{rel}","templated":true}]}}